{"id":2,"date":"2016-09-20T15:42:55","date_gmt":"2016-09-20T15:42:55","guid":{"rendered":"https:\/\/hulyaalaybeyoglu.com.tr\/\/?page_id=2"},"modified":"2018-10-31T13:54:41","modified_gmt":"2018-10-31T11:54:41","slug":"makaleler","status":"publish","type":"page","link":"https:\/\/hulyaalaybeyoglu.com.tr\/index.php\/makaleler\/","title":{"rendered":"Makaleler"},"content":{"rendered":"<h5>Depresyona Kar\u015f\u0131 Bili\u015fsel S\u00fcre\u00e7<\/h5>\n<p>Depresyon, ki\u015filerin kendi bili\u015fsel g\u00fcc\u00fcn\u00fc, sorunlar\u0131na kar\u015f\u0131 kullanma yetene\u011fini g\u00f6z ard\u0131 etmekle ba\u015flayan bir rahats\u0131zl\u0131kt\u0131r. Olumsuz olaylar\u0131n neden oldu\u011fu sorunlarla ba\u015f edebilme g\u00fcc\u00fcn\u00fcn&#8230;<\/p>\n<p><span style=\"color: #ffffff;\">Ya\u015fam Ko\u00e7u, Aile Ko\u00e7lu\u011fu, Tak\u0131nt\u0131, Kayg\u0131, Panik Atak, Depresyon<\/span><\/p>\n<p><span style=\"color: #ff0000;\"><a href=\"https:\/\/hulyaalaybeyoglu.com.tr\/index.php\/2017\/08\/28\/depresyona-karsi-bilissel-surec\/\">Devam\u0131 i\u00e7in&#8230;<\/a><\/span><\/p>\n","protected":false},"excerpt":{"rendered":"<p>Depresyona Kar\u015f\u0131 Bili\u015fsel S\u00fcre\u00e7 Depresyon, ki\u015filerin kendi bili\u015fsel g\u00fcc\u00fcn\u00fc, sorunlar\u0131na kar\u015f\u0131 kullanma yetene\u011fini g\u00f6z ard\u0131 etmekle ba\u015flayan bir rahats\u0131zl\u0131kt\u0131r. Olumsuz olaylar\u0131n neden oldu\u011fu sorunlarla ba\u015f edebilme g\u00fcc\u00fcn\u00fcn&#8230; Ya\u015fam Ko\u00e7u, Aile Ko\u00e7lu\u011fu, Tak\u0131nt\u0131, Kayg\u0131, Panik Atak, Depresyon Devam\u0131 i\u00e7in&#8230;<\/p>\n","protected":false},"author":1,"featured_media":0,"parent":0,"menu_order":2,"comment_status":"closed","ping_status":"closed","template":"","meta":{"om_disable_all_campaigns":false,"_monsterinsights_skip_tracking":false,"_monsterinsights_sitenote_active":false,"_monsterinsights_sitenote_note":"","_monsterinsights_sitenote_category":0,"ngg_post_thumbnail":0,"footnotes":""},"class_list":["post-2","page","type-page","status-publish","hentry","post"],"aioseo_notices":[],"_links":{"self":[{"href":"https:\/\/hulyaalaybeyoglu.com.tr\/index.php\/wp-json\/wp\/v2\/pages\/2","targetHints":{"allow":["GET"]}}],"collection":[{"href":"https:\/\/hulyaalaybeyoglu.com.tr\/index.php\/wp-json\/wp\/v2\/pages"}],"about":[{"href":"https:\/\/hulyaalaybeyoglu.com.tr\/index.php\/wp-json\/wp\/v2\/types\/page"}],"author":[{"embeddable":true,"href":"https:\/\/hulyaalaybeyoglu.com.tr\/index.php\/wp-json\/wp\/v2\/users\/1"}],"replies":[{"embeddable":true,"href":"https:\/\/hulyaalaybeyoglu.com.tr\/index.php\/wp-json\/wp\/v2\/comments?post=2"}],"version-history":[{"count":7,"href":"https:\/\/hulyaalaybeyoglu.com.tr\/index.php\/wp-json\/wp\/v2\/pages\/2\/revisions"}],"predecessor-version":[{"id":457,"href":"https:\/\/hulyaalaybeyoglu.com.tr\/index.php\/wp-json\/wp\/v2\/pages\/2\/revisions\/457"}],"wp:attachment":[{"href":"https:\/\/hulyaalaybeyoglu.com.tr\/index.php\/wp-json\/wp\/v2\/media?parent=2"}],"curies":[{"name":"wp","href":"https:\/\/api.w.org\/{rel}","templated":true}]}}