{"id":347,"date":"2017-09-06T19:11:31","date_gmt":"2017-09-06T17:11:31","guid":{"rendered":"https:\/\/hulyaalaybeyoglu.com.tr\/?page_id=347"},"modified":"2022-05-14T08:32:05","modified_gmt":"2022-05-14T06:32:05","slug":"bireysel-kocluk","status":"publish","type":"page","link":"https:\/\/hulyaalaybeyoglu.com.tr\/index.php\/yasam-koclugu\/bireysel-kocluk\/","title":{"rendered":"Bireysel Ko\u00e7luk"},"content":{"rendered":"\n<p>Bireysel ko\u00e7luk i\u00e7in telefonla ileti\u015fime ge\u00e7ebilirsiniz&#8230;<\/p>\n\n\n\n<p>\u0130leti\u015fim sayfas\u0131ndan email g\u00f6nderebilirsiniz&#8230; \u0130leti\u015fim formu i\u00e7in\u00a0<a href=\"https:\/\/hulyaalaybeyoglu.com.tr\/index.php\/iletisim\/\" title=\"https:\/\/hulyaalaybeyoglu.com.tr\/index.php\/iletisim\/\">t\u0131klay\u0131n\u0131z<\/a>\u2026<\/p>\n\n\n\n<p class=\"has-white-color has-text-color\">Ya\u015fam Ko\u00e7u, ko\u00e7, ko\u00e7luk deste\u011fi, uzman ko\u00e7luk, bireysel ko\u00e7luk,\u00a0aile ko\u00e7lu\u011fu, Tak\u0131nt\u0131, Kayg\u0131, Panik, s\u0131k\u0131nt\u0131, mutsuzluk, Depresif, kurumsal ko\u00e7luk, ko\u00e7 ar\u0131yorum, ko\u00e7luk e\u011fitimi, \u00f6\u011frenci ko\u00e7u, uzman deste\u011fi,\u00a0<\/p>\n","protected":false},"excerpt":{"rendered":"<p>Bireysel ko\u00e7luk i\u00e7in telefonla ileti\u015fime ge\u00e7ebilirsiniz&#8230; \u0130leti\u015fim sayfas\u0131ndan email g\u00f6nderebilirsiniz&#8230; \u0130leti\u015fim formu i\u00e7in\u00a0t\u0131klay\u0131n\u0131z\u2026 Ya\u015fam Ko\u00e7u, ko\u00e7, ko\u00e7luk deste\u011fi, uzman ko\u00e7luk, bireysel ko\u00e7luk,\u00a0aile ko\u00e7lu\u011fu, Tak\u0131nt\u0131, Kayg\u0131, Panik, s\u0131k\u0131nt\u0131, mutsuzluk, Depresif, kurumsal ko\u00e7luk, ko\u00e7 ar\u0131yorum, ko\u00e7luk e\u011fitimi, \u00f6\u011frenci ko\u00e7u, uzman deste\u011fi,\u00a0<\/p>\n","protected":false},"author":1,"featured_media":0,"parent":14,"menu_order":0,"comment_status":"closed","ping_status":"closed","template":"","meta":{"om_disable_all_campaigns":false,"_monsterinsights_skip_tracking":false,"_monsterinsights_sitenote_active":false,"_monsterinsights_sitenote_note":"","_monsterinsights_sitenote_category":0,"ngg_post_thumbnail":0,"footnotes":""},"class_list":["post-347","page","type-page","status-publish","hentry","post"],"aioseo_notices":[],"_links":{"self":[{"href":"https:\/\/hulyaalaybeyoglu.com.tr\/index.php\/wp-json\/wp\/v2\/pages\/347","targetHints":{"allow":["GET"]}}],"collection":[{"href":"https:\/\/hulyaalaybeyoglu.com.tr\/index.php\/wp-json\/wp\/v2\/pages"}],"about":[{"href":"https:\/\/hulyaalaybeyoglu.com.tr\/index.php\/wp-json\/wp\/v2\/types\/page"}],"author":[{"embeddable":true,"href":"https:\/\/hulyaalaybeyoglu.com.tr\/index.php\/wp-json\/wp\/v2\/users\/1"}],"replies":[{"embeddable":true,"href":"https:\/\/hulyaalaybeyoglu.com.tr\/index.php\/wp-json\/wp\/v2\/comments?post=347"}],"version-history":[{"count":8,"href":"https:\/\/hulyaalaybeyoglu.com.tr\/index.php\/wp-json\/wp\/v2\/pages\/347\/revisions"}],"predecessor-version":[{"id":955,"href":"https:\/\/hulyaalaybeyoglu.com.tr\/index.php\/wp-json\/wp\/v2\/pages\/347\/revisions\/955"}],"up":[{"embeddable":true,"href":"https:\/\/hulyaalaybeyoglu.com.tr\/index.php\/wp-json\/wp\/v2\/pages\/14"}],"wp:attachment":[{"href":"https:\/\/hulyaalaybeyoglu.com.tr\/index.php\/wp-json\/wp\/v2\/media?parent=347"}],"curies":[{"name":"wp","href":"https:\/\/api.w.org\/{rel}","templated":true}]}}